{"id":7137,"date":"2025-02-25T12:36:25","date_gmt":"2025-02-25T11:36:25","guid":{"rendered":"https:\/\/rockyourgoal.de\/?page_id=7137"},"modified":"2025-02-25T12:36:25","modified_gmt":"2025-02-25T11:36:25","slug":"personal-values","status":"publish","type":"page","link":"http:\/\/rockyourgoal.de\/en\/timeless-challenge\/persoenlichkeit\/personal-values\/","title":{"rendered":"Personal Values &#8211; Wer m\u00f6chtest du sein?"},"content":{"rendered":"<p>Hast Du Dich schon einmal gefragt warum es Menschen gibt, die scheinbar mit stoischer Ruhe und Zufriedenheit leben? Sie scheinen von innen heraus gl\u00fccklich zu sein und haben eine fundierte und klare Meinung zu den Fragen dieser Welt. Menschen dieser Art sind als Gespr\u00e4chspartner, Freunde und Partner sehr begehrt, denn sie sind zuverl\u00e4ssig, verbindlich und niemals langweilig. <\/p>\n\n\n\n<p>Damit Du so werden kannst muss das was Du tust mit dem was Du sagst \u00fcbereinstimmen. Aber damit nicht genug. Du musst wissen was Dir wichtig ist und dann nur das tun, was dazu passt. Das hei\u00dft, Du musst Deine Werte definieren und Dir die Frage beantworten &#8222;Wie lebt ein Mensch der diese Werte voll auslebt?&#8220;. <\/p>\n\n\n<div class=\"wp-block-image\">\n<figure class=\"aligncenter size-full\"><a href=\"https:\/\/rockyourgoal.de\/wp-content\/uploads\/2022\/05\/personal-values-challenge.png\"><img loading=\"lazy\" decoding=\"async\" width=\"576\" height=\"575\" src=\"https:\/\/rockyourgoal.de\/wp-content\/uploads\/2022\/05\/personal-values-challenge.png\" alt=\"\" class=\"wp-image-7143\" srcset=\"http:\/\/rockyourgoal.de\/wp-content\/uploads\/2022\/05\/personal-values-challenge.png 576w, http:\/\/rockyourgoal.de\/wp-content\/uploads\/2022\/05\/personal-values-challenge-300x299.png 300w, http:\/\/rockyourgoal.de\/wp-content\/uploads\/2022\/05\/personal-values-challenge-150x150.png 150w, http:\/\/rockyourgoal.de\/wp-content\/uploads\/2022\/05\/personal-values-challenge-12x12.png 12w\" sizes=\"auto, (max-width: 576px) 100vw, 576px\" \/><\/a><\/figure>\n<\/div>\n\n\n<p>Ein Beispiel: Wenn Du ein Mensch sein m\u00f6chtest, der zu seinem Wort steht, dann musst Du immer, aber wirklich immer das erf\u00fcllen was Du versprichst. Und wenn Du es mal nicht kannst, dann erkl\u00e4r Deinem Gegen\u00fcber bereits rechtzeitig warum es Dir nicht m\u00f6glich ist und entschuldige Dich daf\u00fcr. Also nicht im Nachhinein entschuldigen, sondern dann, wenn es absehbar ist, dass Du das Versprechen nicht erf\u00fcllen kannst. DAS ist Integrit\u00e4t zwischen dem wie Du sein m\u00f6chtest und dem wie Du tats\u00e4chlich bist. Wenn Du ein solcher Mensch bist, dann kannst Du mit einem guten Gef\u00fchl in den Spiegel schauen. Diese Zuverl\u00e4ssigkeit macht dich in Deinem Leben sicher und gibt Dir das Vertrauen, dass Du Dein Leben im Griff hast. <\/p>\n\n\n<div class=\"wp-block-image\">\n<figure class=\"aligncenter\"><a href=\"https:\/\/rockyourgoal.de\/en\/timeless-challenge\/#Anmeldung_und_Leistungsumfang\"><img loading=\"lazy\" decoding=\"async\" width=\"300\" height=\"145\" src=\"https:\/\/rockyourgoal.de\/wp-content\/uploads\/2022\/01\/timeless-challenge-durchsichtig-300x145.png\" alt=\"\" class=\"wp-image-5448\" srcset=\"http:\/\/rockyourgoal.de\/wp-content\/uploads\/2022\/01\/timeless-challenge-durchsichtig-300x145.png 300w, http:\/\/rockyourgoal.de\/wp-content\/uploads\/2022\/01\/timeless-challenge-durchsichtig-1024x495.png 1024w, http:\/\/rockyourgoal.de\/wp-content\/uploads\/2022\/01\/timeless-challenge-durchsichtig-768x371.png 768w, http:\/\/rockyourgoal.de\/wp-content\/uploads\/2022\/01\/timeless-challenge-durchsichtig-1536x742.png 1536w, http:\/\/rockyourgoal.de\/wp-content\/uploads\/2022\/01\/timeless-challenge-durchsichtig-2048x990.png 2048w, http:\/\/rockyourgoal.de\/wp-content\/uploads\/2022\/01\/timeless-challenge-durchsichtig-850x411.png 850w\" sizes=\"auto, (max-width: 300px) 100vw, 300px\" \/><\/a><figcaption class=\"wp-element-caption\"><a href=\"https:\/\/rockyourgoal.de\/en\/timeless-challenge\/#Anmeldung_und_Leistungsumfang\">Die Personal Values Challenge ist eine Challenge der\u00a0Timeless Challenge. Mach mit!<\/a><\/figcaption><\/figure>\n<\/div>\n\n\n<p><strong><em>Stay informed!<\/em><\/strong><\/p>\n\n\n\n<ul class=\"wp-block-list\">\n<li><strong>Instagram<\/strong>:\u00a0<a href=\"https:\/\/www.instagram.com\/timeless_challenge\" target=\"_blank\" rel=\"noreferrer noopener\">@timeless_challenge<\/a><\/li>\n\n\n\n<li><strong>Facebook<\/strong>:\u00a0<a href=\"https:\/\/www.facebook.com\/rockyourgoal\" target=\"_blank\" rel=\"noreferrer noopener\">Rockyourgoal<\/a><\/li>\n\n\n\n<li><strong>Twitter<\/strong>:\u00a0<a href=\"https:\/\/www.twitter.com\/goal_rock\" target=\"_blank\" rel=\"noreferrer noopener\">@goal_rock<\/a><\/li>\n<\/ul>\n\n\n\n<blockquote class=\"wp-block-quote is-layout-flow wp-block-quote-is-layout-flow\">\n<p><strong><em>We want to plant one million trees worldwide without begging for donations!<\/em><\/strong><\/p>\n\n\n\n<p>Uwe (Initiator)<\/p>\n<\/blockquote>\n\n\n\n<p>Und genau deshalb haben wir die <em>Personal Values Challenge<\/em> geschaffen. Sie soll Dich animieren die Frage nach deinen Werten zu kl\u00e4ren. Du solltest f\u00fcr Dich selbst erarbeiten welches Deine wichtigsten drei (es k\u00f6nnen aber auch nur zwei oder auch mehr) Werte sind f\u00fcr die Du stehen m\u00f6chtest. <\/p>\n\n\n\n<h2 class=\"wp-block-heading\">Wie funktioniert die Personal Values Challenge?<\/h2>\n\n\n\n<p>Nimm Dir ein paar Tage Zeit und \u00fcberleg Dir genau wer Du sein m\u00f6chtest und welche Werte f\u00fcr diesen Menschen (also f\u00fcr Dein zuk\u00fcnftiges &#8222;Ich&#8220;) stehen. Und dann \u00fcberleg Dir was Du konkret tun kannst, um diese Werte zu verk\u00f6rpern. Und nun fang an 30 Tage lang der Mensch zu sein der Du sein m\u00f6chtest, indem Du die konkreten Ma\u00dfnahmen in dieser Zeit lebst. <\/p>\n\n\n\n<h2 class=\"wp-block-heading\">So kannst Du bei der Personal Values Challenge mitmachen!<\/h2>\n\n\n\n<ul class=\"wp-block-list\">\n<li><a href=\"https:\/\/rockyourgoal.de\/en\/timeless-challenge\/#Anmeldung_und_Leistungsumfang\">Melde Dich bei der Timeless Challenge an!<\/a><\/li>\n\n\n\n<li><a href=\"https:\/\/rockyourgoal.de\/en\/wb-admin\/?action=register\">Registriere Dich (falls noch nicht geschehen) bei dieser Seite (klick auf diesen Satz)<\/a><\/li>\n\n\n\n<li>Nun setzte 30 Tage lang alle Ma\u00dfnahmen um, die Du vorher definiert hast. Wenn Du das geschafft hast, dann hast Du diese Challenge gemeistert. Aber nat\u00fcrlich solltest Du jetzt erst recht weiter machen!<\/li>\n\n\n\n<li>Wenn Du diese Challenge geschafft hast, dann f\u00fcll bitte das untere Formular (nur sichtbar wenn Du registriert und angemeldet bist) aus. Wir schicken Dir die Murmel zu. Die Life Score Points werden Dir automatisch gutgeschrieben und im\u00a0<a href=\"https:\/\/rockyourgoal.de\/en\/timeless-challenge\/#Life_Museum\">Life Museum<\/a>\u00a0erg\u00e4nzt. Bitte schreibe Deine Lieferadresse in die \u201eNotes\u201c im Formular.<\/li>\n<\/ul>\n\n\n\n\n\n\n<h2 class=\"wp-block-heading\">Life-Score Punkte f\u00fcr die Personal Values Challenge<\/h2>\n\n\n\n<p>Sobald Du Deine Werte klar definiert hast und die ersten Ma\u00dfnahmen eingeleitet hast, schulden wir Dir <strong>20 Life-Score<\/strong> Punkte aus dem Bereich Pers\u00f6nlichkeit!<\/p>\n\n\n\n<h2 class=\"wp-block-heading\">Die Personal Values Challenge in Social Media<\/h2>\n\n\n\n<p>Wir freuen uns, wenn Du Deine Erfahrungen mit der Personal Values Challenge teilst. Eine M\u00f6glichkeit stellt unser Social Media Auftritt dar. Du bist herzlich eingeladen diesen zu nutzen. <\/p>\n\n\n\n<h3 class=\"wp-block-heading\">Hashtags:<\/h3>\n\n\n\n<ul class=\"wp-block-list\">\n<li>#timelesschallenge<\/li>\n\n\n\n<li>#tcpersonalvalueschallenge<\/li>\n\n\n\n<li>#timelesschallenger<\/li>\n<\/ul>\n\n\n\n<h3 class=\"wp-block-heading\">Die Personal Values Challenge auf Facebook<\/h3>\n\n\n\n<p>Du bist herzlich willkommen Dich in unserer Facebook-Gruppe zu diesem Thema auszutauschen<\/p>\n\n\n\n<p><\/p>","protected":false},"excerpt":{"rendered":"<p>Hast Du Dich schon einmal gefragt warum es Menschen gibt, die scheinbar mit stoischer Ruhe und Zufriedenheit leben? Sie scheinen von innen heraus gl\u00fccklich zu sein und haben eine fundierte und klare Meinung zu den Fragen dieser Welt. Menschen dieser Art sind als Gespr\u00e4chspartner, Freunde und Partner sehr begehrt, denn&hellip;<\/p>\n<p> <a class=\"more-link\" href=\"http:\/\/rockyourgoal.de\/en\/timeless-challenge\/persoenlichkeit\/personal-values\/\">Read more<\/a><\/p>","protected":false},"author":2,"featured_media":7208,"parent":12691,"menu_order":0,"comment_status":"open","ping_status":"closed","template":"","meta":{"pgc_sgb_lightbox_settings":"","_glsr_average":0,"_glsr_ranking":0,"_glsr_reviews":0,"footnotes":""},"class_list":["post-7137","page","type-page","status-publish","has-post-thumbnail"],"_links":{"self":[{"href":"http:\/\/rockyourgoal.de\/en\/wp-json\/wp\/v2\/pages\/7137","targetHints":{"allow":["GET"]}}],"collection":[{"href":"http:\/\/rockyourgoal.de\/en\/wp-json\/wp\/v2\/pages"}],"about":[{"href":"http:\/\/rockyourgoal.de\/en\/wp-json\/wp\/v2\/types\/page"}],"author":[{"embeddable":true,"href":"http:\/\/rockyourgoal.de\/en\/wp-json\/wp\/v2\/users\/2"}],"replies":[{"embeddable":true,"href":"http:\/\/rockyourgoal.de\/en\/wp-json\/wp\/v2\/comments?post=7137"}],"version-history":[{"count":10,"href":"http:\/\/rockyourgoal.de\/en\/wp-json\/wp\/v2\/pages\/7137\/revisions"}],"predecessor-version":[{"id":19063,"href":"http:\/\/rockyourgoal.de\/en\/wp-json\/wp\/v2\/pages\/7137\/revisions\/19063"}],"up":[{"embeddable":true,"href":"http:\/\/rockyourgoal.de\/en\/wp-json\/wp\/v2\/pages\/12691"}],"wp:featuredmedia":[{"embeddable":true,"href":"http:\/\/rockyourgoal.de\/en\/wp-json\/wp\/v2\/media\/7208"}],"wp:attachment":[{"href":"http:\/\/rockyourgoal.de\/en\/wp-json\/wp\/v2\/media?parent=7137"}],"curies":[{"name":"wp","href":"https:\/\/api.w.org\/{rel}","templated":true}]}}