{"id":6096,"date":"2022-10-27T07:00:00","date_gmt":"2022-10-27T05:00:00","guid":{"rendered":"https:\/\/rockyourgoal.de\/?page_id=6096"},"modified":"2025-01-10T09:46:57","modified_gmt":"2025-01-10T08:46:57","slug":"digital-detox","status":"publish","type":"page","link":"http:\/\/rockyourgoal.de\/en\/timeless-challenge\/digital-detox\/","title":{"rendered":"Digital Detox"},"content":{"rendered":"<p>W\u00e4hrend es Menschen gibt, die bereits vom &#8222;Meta Universe&#8220; (Meta-Verse), also einer digitalen Welt sprechen, verlieren bereits heute viele Menschen in zunehmendem Ma\u00dfe die Bindung zur realen Welt.<\/p>\n\n\n\n<p>Teenagers and young adults in particular spend many hours a day looking at screens of all kinds and consuming digital content. From smartphones to tablets, notebooks to TVs, our eyes and brains are constantly flooded with intense stimuli. <\/p>\n\n\n\n<p>Wir f\u00fchlen uns schnell ersch\u00f6pft, wertvolle Lebenszeit verbringen wir online und wir vereinsamen obwohl wir immer mehr digitale &#8222;Bekannte&#8220; haben. <\/p>\n\n\n<div class=\"wp-block-image\">\n<figure class=\"aligncenter size-full\"><img loading=\"lazy\" decoding=\"async\" width=\"568\" height=\"385\" src=\"https:\/\/rockyourgoal.de\/wp-content\/uploads\/2022\/08\/digital-detox.jpg\" alt=\"\" class=\"wp-image-8486\" srcset=\"http:\/\/rockyourgoal.de\/wp-content\/uploads\/2022\/08\/digital-detox.jpg 568w, http:\/\/rockyourgoal.de\/wp-content\/uploads\/2022\/08\/digital-detox-300x203.jpg 300w, http:\/\/rockyourgoal.de\/wp-content\/uploads\/2022\/08\/digital-detox-18x12.jpg 18w\" sizes=\"auto, (max-width: 568px) 100vw, 568px\" \/><figcaption class=\"wp-element-caption\">Ist das &#8222;Zeit mit Freunden&#8220;?<\/figcaption><\/figure>\n<\/div>\n\n\n<p>Es wird Zeit etwas dagegen zu tun!<\/p>\n\n\n\n<p><\/p>\n\n\n<div class=\"wp-block-image\">\n<figure class=\"aligncenter is-resized\"><a href=\"https:\/\/rockyourgoal.de\/en\/timeless-challenge\/#Anmeldung_und_Leistungsumfang\"><img loading=\"lazy\" decoding=\"async\" width=\"300\" height=\"145\" src=\"https:\/\/rockyourgoal.de\/wp-content\/uploads\/2022\/11\/image.png\" alt=\"\" class=\"wp-image-9693\" style=\"width:226px;height:auto\" srcset=\"http:\/\/rockyourgoal.de\/wp-content\/uploads\/2022\/11\/image.png 300w, http:\/\/rockyourgoal.de\/wp-content\/uploads\/2022\/11\/image-18x9.png 18w\" sizes=\"auto, (max-width: 300px) 100vw, 300px\" \/><\/a><figcaption class=\"wp-element-caption\">Die Digital Detox Challenge ist Teil der Timeless Challenge<\/figcaption><\/figure>\n<\/div>\n\n\n<blockquote class=\"wp-block-quote is-layout-flow wp-block-quote-is-layout-flow\">\n<p><em>I believe that every person can change the world with their actions! Make your life through meaningful actions (challenges) to something special and lasting! Make yourself immortal!<\/em><\/p>\n\n\n\n<p><em>We want&nbsp;<a rel=\"noreferrer noopener\" href=\"https:\/\/rockyourgoal.de\/en\/big5forlife\/trees4breeze\/\" target=\"_blank\">to plant one million trees worldwide<\/a>&nbsp;without begging for donations!<\/em> Uwe Kauntz<\/p>\n<\/blockquote>\n\n\n\n<p><strong><em>Stay informed!<\/em><\/strong><\/p>\n\n\n\n<ul class=\"wp-block-list\">\n<li><strong>Instagram<\/strong>:&nbsp;<a rel=\"noreferrer noopener\" href=\"https:\/\/www.instagram.com\/timeless_challenge\" target=\"_blank\">@timeless_challenge<\/a><\/li>\n\n\n\n<li><strong>Facebook<\/strong>:&nbsp;<a rel=\"noreferrer noopener\" href=\"https:\/\/www.facebook.com\/rockyourgoal\" target=\"_blank\">Rockyourgoal<\/a><\/li>\n\n\n\n<li><strong>Twitter<\/strong>:&nbsp;<a rel=\"noreferrer noopener\" href=\"https:\/\/www.twitter.com\/goal_rock\" target=\"_blank\">@goal_rock<\/a><\/li>\n<\/ul>\n\n\n\n<h2 class=\"wp-block-heading\">Was ist &#8222;Digital Detox&#8220;?<\/h2>\n\n\n\n<p>Wenn man den Begriff etwas provokativ versteht, dann ist Digital Detox ein Entgiften von digitalen Medien. Aber &#8222;Entgiften&#8220; kann sehr unterschiedlich sein und auf verschiedenen Stufen erfolgen. Denkbar sind hier z.B: <\/p>\n\n\n\n<ul class=\"wp-block-list\">\n<li>Complete renunciation of all digital media during a certain period of time (e.g. during a multi-day hike)<\/li>\n\n\n\n<li>Verzicht auf eine einzelne Art des digitalen Konsums (z.B. &#8222;Eine Woche kein Fernsehen&#8220;)<\/li>\n\n\n\n<li>Verzicht auf eine spezifische Nutzung einer konkreten, digitalen Anwendung (z.B &#8222;keine Onlinespiele&#8220; oder auch &#8222;eine Woche ohne Social Media&#8220; etc.<\/li>\n<\/ul>\n\n\n\n<p>Du siehst schon, dass die Zeitspanne und die Art des &#8222;Digital Detox&#8220; eine gro\u00dfe Rolle spielt. Aus diesem Grund haben wir uns entschlossen die Vergabe der <em>Life-Score<\/em> points very flexible in this challenge. <\/p>\n\n\n\n<h2 class=\"wp-block-heading\">Warum &#8222;Digital Detox&#8220;?<\/h2>\n\n\n\n<p>The main reason why you should join the Digital Detox Challenge is to take control of your own life. Smartphone, tablet, TV and co. should facilitate your life as a servant, not determine it!<\/p>\n\n\n\n<p>The point is to find an optimal strategy for dealing with digital media. It's not about doing without completely, because digital media also bring you many advantages. <\/p>\n\n\n\n<h2 class=\"wp-block-heading\">So you can take part the \"<em>Digital Detox Challenge<\/em>\"!<\/h2>\n\n\n\n<ul class=\"wp-block-list\">\n<li><a href=\"https:\/\/rockyourgoal.de\/en\/wb-admin\/?action=register\">Register on this page<\/a>! Once registered, you can take part in all our challenges with this account.<\/li>\n\n\n\n<li>Nun hei\u00dft es auf digitale Medien (wie vorgegeben) zu verzichten und daf\u00fcr angenehme Dinge mit realen Menschen, oder auch alleine, zu tun.<\/li>\n\n\n\n<li>Wenn Du das geschafft hast, f\u00fcll bitte das Formular unten aus und Du bekommst von uns (kostenlos) die Murmel und die Life-Score Punkte gutgeschrieben. Easy, oder?<\/li>\n\n\n\n<li><a href=\"http:\/\/rockyourgoal.de\/wp-content\/uploads\/2024\/03\/Booklet-Challenge-Tool-1.pdf\">Eine genaue Beschreibung des Tools findest Du in unserem Booklet<\/a><\/li>\n<\/ul>\n\n\n\n<h2 class=\"wp-block-heading\">Rules and Life Score points for the Digital Detox Challenge<\/h2>\n\n\n\n<p>Als Erstes solltest Du aktiv herausfinden was Dir gut tut und wie weit Dein Verzicht gehen soll. Hier gilt der alte Grundsatz &#8222;Probieren geht \u00fcber Studieren&#8220;. Wir empfehlen Dir aus diesem Grund den Einstieg mit einer Woche &#8222;Digital Detox&#8220;. In dieser Woche wirst Du viele &#8222;Aha-Erlebnisse&#8220; haben und Du wirst merken wie abh\u00e4ngig Du von digitalen Medien bist. Aber es wird sich f\u00fcr Dich lohnen! Vielleicht kannst Du diese Challenge mit Deiner Familie oder mit Freunden machen. Dann ist der Mehrwert h\u00f6her und ihr k\u00f6nnt euch dar\u00fcber austauschen. <\/p>\n\n\n<div class=\"wp-block-image\">\n<figure class=\"aligncenter size-thumbnail\"><a href=\"https:\/\/rockyourgoal.de\/en\/timeless-challenge\/\"><img loading=\"lazy\" decoding=\"async\" width=\"150\" height=\"150\" src=\"https:\/\/rockyourgoal.de\/wp-content\/uploads\/2022\/08\/LSP-Persoenlichkeit-150x150.png\" alt=\"\" class=\"wp-image-8297\" srcset=\"http:\/\/rockyourgoal.de\/wp-content\/uploads\/2022\/08\/LSP-Persoenlichkeit-150x150.png 150w, http:\/\/rockyourgoal.de\/wp-content\/uploads\/2022\/08\/LSP-Persoenlichkeit-300x300.png 300w, http:\/\/rockyourgoal.de\/wp-content\/uploads\/2022\/08\/LSP-Persoenlichkeit-768x769.png 768w, http:\/\/rockyourgoal.de\/wp-content\/uploads\/2022\/08\/LSP-Persoenlichkeit-12x12.png 12w, http:\/\/rockyourgoal.de\/wp-content\/uploads\/2022\/08\/LSP-Persoenlichkeit-850x851.png 850w, http:\/\/rockyourgoal.de\/wp-content\/uploads\/2022\/08\/LSP-Persoenlichkeit.png 1000w\" sizes=\"auto, (max-width: 150px) 100vw, 150px\" \/><\/a><figcaption class=\"wp-element-caption\">Life Score points in yellow for the Digital Detox Challenge<\/figcaption><\/figure>\n<\/div>\n\n\n<h3 class=\"wp-block-heading\">Full abandonment of digital media<\/h3>\n\n\n\n<p>Ein voller Verzicht auf digitale Medien \u00fcber eine gewisse Zeitspanne ist ein gro\u00dfartiges Erlebnis. Stell Dir mal vor, Du h\u00e4ttest eine Woche weder Fernseher, noch Smartphone, noch Tablet und auch kein Notebook. Was w\u00fcrdest Du tun? Wie w\u00fcrdest Du Deine Zeit nutzen?<\/p>\n\n\n\n<p>If you want to go that far, it's really hard, but it's an incredibly intense experience. But you have to plan for that. <\/p>\n\n\n\n<p><strong>Rule:<\/strong>: Du verzichtest mindestens eine Woche vollst\u00e4ndig auf jegliche Form digitaler Medien<\/p>\n\n\n\n<figure class=\"wp-block-table\"><table><tbody><tr><td><strong>Logo<\/strong><\/td><td><strong>Name<\/strong><\/td><td><strong><em>Life-Score<\/em> points<\/strong><\/td><td><strong>Note<\/strong><\/td><\/tr><tr><td><img loading=\"lazy\" decoding=\"async\" width=\"150\" height=\"34\" class=\"wp-image-6117\" style=\"width: 150px;\" src=\"http:\/\/rockyourgoal.de\/wp-content\/uploads\/2022\/02\/PNG__03.png\" alt=\"\" srcset=\"http:\/\/rockyourgoal.de\/wp-content\/uploads\/2022\/02\/PNG__03.png 4343w, http:\/\/rockyourgoal.de\/wp-content\/uploads\/2022\/02\/PNG__03-300x68.png 300w, http:\/\/rockyourgoal.de\/wp-content\/uploads\/2022\/02\/PNG__03-1024x233.png 1024w, http:\/\/rockyourgoal.de\/wp-content\/uploads\/2022\/02\/PNG__03-768x175.png 768w, http:\/\/rockyourgoal.de\/wp-content\/uploads\/2022\/02\/PNG__03-1536x350.png 1536w, http:\/\/rockyourgoal.de\/wp-content\/uploads\/2022\/02\/PNG__03-2048x467.png 2048w, http:\/\/rockyourgoal.de\/wp-content\/uploads\/2022\/02\/PNG__03-850x194.png 850w\" sizes=\"auto, (max-width: 150px) 100vw, 150px\" \/><\/td><td>Digital Detox &#8211; Totaler Verzicht eine Woche (7 Tage)<\/td><td>20<\/td><td>A whole week<\/td><\/tr><\/tbody><\/table><\/figure>\n\n\n\n<p>Wenn Du Dich entscheidest das f\u00fcr immer (oder regelm\u00e4\u00dfig) zu tun, dann mach bitte bei unserer Challenge &#8222;<em>Master of Digital Consumption<\/em>&#8220; weiter!<\/p>\n\n\n\n\n\n\n<h3 class=\"wp-block-heading\">Abandonment of a single, digital medium<\/h3>\n\n\n\n<p>You do without a single digital medium for at least one week without increasing the consumption of another medium. For example, try to live completely without TV for a week. But you shouldn't just compensate with more cell phone consumption, otherwise it won't work! Your goal should be to assess whether you can do without this medium, whether you should cut back or whether your current use is okay. <\/p>\n\n\n\n<p><strong>Rule:<\/strong> You do without a specific digital medium for a week. Of course, you can test the renunciation of different media in different weeks. <\/p>\n\n\n\n<figure class=\"wp-block-table\"><table><tbody><tr><td><strong>Logo<\/strong><\/td><td><strong>Name<\/strong><\/td><td><strong>Life-Score Points<\/strong><\/td><td><strong>Note<\/strong><\/td><\/tr><tr><td><img loading=\"lazy\" decoding=\"async\" width=\"150\" height=\"34\" class=\"wp-image-6117\" style=\"width: 150px;\" src=\"http:\/\/rockyourgoal.de\/wp-content\/uploads\/2022\/02\/PNG__03.png\" alt=\"\" srcset=\"http:\/\/rockyourgoal.de\/wp-content\/uploads\/2022\/02\/PNG__03.png 4343w, http:\/\/rockyourgoal.de\/wp-content\/uploads\/2022\/02\/PNG__03-300x68.png 300w, http:\/\/rockyourgoal.de\/wp-content\/uploads\/2022\/02\/PNG__03-1024x233.png 1024w, http:\/\/rockyourgoal.de\/wp-content\/uploads\/2022\/02\/PNG__03-768x175.png 768w, http:\/\/rockyourgoal.de\/wp-content\/uploads\/2022\/02\/PNG__03-1536x350.png 1536w, http:\/\/rockyourgoal.de\/wp-content\/uploads\/2022\/02\/PNG__03-2048x467.png 2048w, http:\/\/rockyourgoal.de\/wp-content\/uploads\/2022\/02\/PNG__03-850x194.png 850w\" sizes=\"auto, (max-width: 150px) 100vw, 150px\" \/><\/td><td>Digital Detox &#8211; Ein Medium, eine Woche<\/td><td>5<\/td><td>full abandonment of a medium one week<\/td><\/tr><\/tbody><\/table><\/figure>\n\n\n\n\n\n\n<h3 class=\"wp-block-heading\">Abandonment of a specific application<\/h3>\n\n\n\n<p>Imagine doing without Instagram, Facebook, WhatsApp or your favorite game on your smartphone for a whole week. The point is to take a break from your favorite application and use the time you save in a different way. How much time do you save? Does your life get worse? Try it out, for one week!<\/p>\n\n\n\n<figure class=\"wp-block-table\"><table><tbody><tr><td><strong>Logo<\/strong><\/td><td><strong>Name<\/strong><\/td><td><strong>Life-Score Points<\/strong><\/td><td><strong>Note<\/strong><\/td><\/tr><tr><td><img loading=\"lazy\" decoding=\"async\" width=\"150\" height=\"34\" class=\"wp-image-6117\" style=\"width: 150px;\" src=\"http:\/\/rockyourgoal.de\/wp-content\/uploads\/2022\/02\/PNG__03.png\" alt=\"\" srcset=\"http:\/\/rockyourgoal.de\/wp-content\/uploads\/2022\/02\/PNG__03.png 4343w, http:\/\/rockyourgoal.de\/wp-content\/uploads\/2022\/02\/PNG__03-300x68.png 300w, http:\/\/rockyourgoal.de\/wp-content\/uploads\/2022\/02\/PNG__03-1024x233.png 1024w, http:\/\/rockyourgoal.de\/wp-content\/uploads\/2022\/02\/PNG__03-768x175.png 768w, http:\/\/rockyourgoal.de\/wp-content\/uploads\/2022\/02\/PNG__03-1536x350.png 1536w, http:\/\/rockyourgoal.de\/wp-content\/uploads\/2022\/02\/PNG__03-2048x467.png 2048w, http:\/\/rockyourgoal.de\/wp-content\/uploads\/2022\/02\/PNG__03-850x194.png 850w\" sizes=\"auto, (max-width: 150px) 100vw, 150px\" \/><\/td><td>Digital Detox &#8211; Anwendungsverzicht eine Woche<\/td><td>5<\/td><td>Give up a favorite application for a week <\/td><\/tr><\/tbody><\/table><\/figure>\n\n\n\n\n\n\n<h3 class=\"wp-block-heading\">Marbles for the Digital Detox Challenge<\/h3>\n\n\n\n<p>For the Digital Detox Challenge, you can get the beautiful marbles in yellow. These have the following sizes:<\/p>\n\n\n\n<ul class=\"wp-block-list\">\n<li>5 Life-Score Punkte &#8211; Eine gelbe Murmeln mit einem Durchmesser von 16mm<\/li>\n\n\n\n<li>20 Life-Score Punkte &#8211; Eine gelbe Murmeln mit einem Durchmesser von 20mm<\/li>\n<\/ul>\n\n\n\n<p>Wenn Du die Murmel(n) haben m\u00f6chtest, dann lies bitte weiter &#8230;.<\/p>\n\n\n\n<h2 class=\"wp-block-heading\">The Digital Detox Challenge in Social Media<\/h2>\n\n\n\n<p>Kind of weird to write about the Digital Detox Challenge on social media, but anyway, of course, we're giving you the opportunity \ud83d\ude42<\/p>\n\n\n\n<h3 class=\"wp-block-heading\">Digital Detox Challenge in Facebook<\/h3>\n\n\n\n<p>We invite you to join our group for an informal exchange about this challenge. <em>&#8222;Pers\u00f6nlichkeit&#8220;<\/em> in Facebook.<\/p>\n\n\n\n<h3 class=\"wp-block-heading\"># Our Hashtags<\/h3>\n\n\n\n<ul class=\"wp-block-list\">\n<li>#timelesschallenge<\/li>\n\n\n\n<li>#tcdigitaldetox<\/li>\n<\/ul>","protected":false},"excerpt":{"rendered":"<p>W\u00e4hrend es Menschen gibt, die bereits vom &#8222;Meta Universe&#8220; (Meta-Verse), also einer digitalen Welt sprechen, verlieren bereits heute viele Menschen in zunehmendem Ma\u00dfe die Bindung zur realen Welt. Gerade Jugendliche und junge Erwachsene schauen t\u00e4glich viele Stunden auf Bildschirme aller Art und konsumieren digitale Inhalte. Vom Smartphone \u00fcber Tablets, Notebooks&hellip;<\/p>\n<p> <a class=\"more-link\" href=\"http:\/\/rockyourgoal.de\/en\/timeless-challenge\/digital-detox\/\">Read more<\/a><\/p>","protected":false},"author":2,"featured_media":6117,"parent":5417,"menu_order":0,"comment_status":"open","ping_status":"closed","template":"","meta":{"pgc_sgb_lightbox_settings":"","_glsr_average":0,"_glsr_ranking":0,"_glsr_reviews":0,"footnotes":""},"class_list":["post-6096","page","type-page","status-publish","has-post-thumbnail"],"_links":{"self":[{"href":"http:\/\/rockyourgoal.de\/en\/wp-json\/wp\/v2\/pages\/6096","targetHints":{"allow":["GET"]}}],"collection":[{"href":"http:\/\/rockyourgoal.de\/en\/wp-json\/wp\/v2\/pages"}],"about":[{"href":"http:\/\/rockyourgoal.de\/en\/wp-json\/wp\/v2\/types\/page"}],"author":[{"embeddable":true,"href":"http:\/\/rockyourgoal.de\/en\/wp-json\/wp\/v2\/users\/2"}],"replies":[{"embeddable":true,"href":"http:\/\/rockyourgoal.de\/en\/wp-json\/wp\/v2\/comments?post=6096"}],"version-history":[{"count":34,"href":"http:\/\/rockyourgoal.de\/en\/wp-json\/wp\/v2\/pages\/6096\/revisions"}],"predecessor-version":[{"id":18225,"href":"http:\/\/rockyourgoal.de\/en\/wp-json\/wp\/v2\/pages\/6096\/revisions\/18225"}],"up":[{"embeddable":true,"href":"http:\/\/rockyourgoal.de\/en\/wp-json\/wp\/v2\/pages\/5417"}],"wp:featuredmedia":[{"embeddable":true,"href":"http:\/\/rockyourgoal.de\/en\/wp-json\/wp\/v2\/media\/6117"}],"wp:attachment":[{"href":"http:\/\/rockyourgoal.de\/en\/wp-json\/wp\/v2\/media?parent=6096"}],"curies":[{"name":"wp","href":"https:\/\/api.w.org\/{rel}","templated":true}]}}