{"id":6022,"date":"2022-11-28T07:00:00","date_gmt":"2022-11-28T06:00:00","guid":{"rendered":"https:\/\/rockyourgoal.de\/?page_id=6022"},"modified":"2025-01-10T10:34:07","modified_gmt":"2025-01-10T09:34:07","slug":"garbage-grab","status":"publish","type":"page","link":"http:\/\/rockyourgoal.de\/en\/timeless-challenge\/umwelt\/garbage-grab\/","title":{"rendered":"Garbage Grab"},"content":{"rendered":"<p>There is so much plastic floating in our oceans that sea creatures get caught in it and die miserably. But also in our immediate surroundings, in our cities, in our mountains and in our forests and rivers there is garbage, a lot of garbage. <\/p>\n\n\n\n<p>Animals eat this waste and die in agony, it pollutes our groundwater and in some cases does not decompose for many decades. <\/p>\n\n\n\n<p>Garbage belongs in the designated trash cans and recycled if possible. And you can help to make the world a better place in a small way and of course also <em>Life-Score<\/em> Punkte in blau sammeln. <\/p>\n\n\n<div class=\"wp-block-image\">\n<figure class=\"aligncenter size-full is-resized\"><a href=\"https:\/\/rockyourgoal.de\/wp-content\/uploads\/2022\/02\/muell-sammeln-fuer-eine-saubere-umwelt.jpg\"><img loading=\"lazy\" decoding=\"async\" width=\"960\" height=\"638\" src=\"https:\/\/rockyourgoal.de\/wp-content\/uploads\/2022\/02\/muell-sammeln-fuer-eine-saubere-umwelt.jpg\" alt=\"\" class=\"wp-image-6029\" style=\"width:473px;height:314px\" srcset=\"http:\/\/rockyourgoal.de\/wp-content\/uploads\/2022\/02\/muell-sammeln-fuer-eine-saubere-umwelt.jpg 960w, http:\/\/rockyourgoal.de\/wp-content\/uploads\/2022\/02\/muell-sammeln-fuer-eine-saubere-umwelt-300x199.jpg 300w, http:\/\/rockyourgoal.de\/wp-content\/uploads\/2022\/02\/muell-sammeln-fuer-eine-saubere-umwelt-768x510.jpg 768w, http:\/\/rockyourgoal.de\/wp-content\/uploads\/2022\/02\/muell-sammeln-fuer-eine-saubere-umwelt-850x565.jpg 850w\" sizes=\"auto, (max-width: 960px) 100vw, 960px\" \/><\/a><\/figure>\n<\/div>\n\n\n<p><\/p>\n\n\n\n<p>To do this, you have numerous opportunities alone or with other people to collect trash and dispose of it properly. <\/p>\n\n\n\n<p>This challenge is also a part of the Timeless Challenge!<\/p>\n\n\n<div class=\"wp-block-image\">\n<figure class=\"aligncenter\"><a href=\"https:\/\/rockyourgoal.de\/en\/timeless-challenge\/#Anmeldung_und_Leistungsumfang\"><img loading=\"lazy\" decoding=\"async\" width=\"300\" height=\"145\" src=\"https:\/\/rockyourgoal.de\/wp-content\/uploads\/2022\/11\/image.png\" alt=\"\" class=\"wp-image-9693\" srcset=\"http:\/\/rockyourgoal.de\/wp-content\/uploads\/2022\/11\/image.png 300w, http:\/\/rockyourgoal.de\/wp-content\/uploads\/2022\/11\/image-18x9.png 18w\" sizes=\"auto, (max-width: 300px) 100vw, 300px\" \/><\/a><figcaption class=\"wp-element-caption\"><a href=\"https:\/\/rockyourgoal.de\/en\/timeless-challenge\/#Anmeldung_und_Leistungsumfang\">Die Garbage Grab Challenge ist Teil der Timeless Challenge. Mach mit!<\/a><\/figcaption><\/figure>\n<\/div>\n\n\n<blockquote class=\"wp-block-quote is-layout-flow wp-block-quote-is-layout-flow\">\n<p><em>I believe that every person can change the world with their actions! Make your life through meaningful actions (challenges) to something special and lasting! Make yourself immortal!<\/em><\/p>\n\n\n\n<p><em>We want&nbsp;<a rel=\"noreferrer noopener\" href=\"https:\/\/rockyourgoal.de\/en\/big5forlife\/trees4breeze\/\" target=\"_blank\">to plant one million trees worldwide<\/a>&nbsp;without begging for donations!<\/em>Uwe Kauntz<\/p>\n<\/blockquote>\n\n\n\n<p><strong><em>Stay informed!<\/em><\/strong><\/p>\n\n\n\n<ul class=\"wp-block-list\">\n<li><strong>Instagram<\/strong>:&nbsp;<a rel=\"noreferrer noopener\" href=\"https:\/\/www.instagram.com\/timeless_challenge\" target=\"_blank\">@timeless_challenge<\/a><\/li>\n\n\n\n<li><strong>Facebook<\/strong>:&nbsp;<a rel=\"noreferrer noopener\" href=\"https:\/\/www.facebook.com\/rockyourgoal\" target=\"_blank\">Rockyourgoal<\/a><\/li>\n\n\n\n<li><strong>Twitter<\/strong>:&nbsp;<a rel=\"noreferrer noopener\" href=\"https:\/\/www.twitter.com\/goal_rock\" target=\"_blank\">@goal_rock<\/a><\/li>\n<\/ul>\n\n\n\n<h2 class=\"wp-block-heading\" id=\"verschiedene-moglichkeiten-um-mull-einzusammeln\">Different ways to collect garbage<\/h2>\n\n\n\n<p>For many years, communities and municipalities have been looking for people who collect trash together and unload it at the recycling centers or building yards. This is often rewarded with a social gathering with drinks and a snack. <\/p>\n\n\n\n<h3 class=\"wp-block-heading\" id=\"ramadama\">Ramadama<\/h3>\n\n\n\n<p>Ich lebe in Bayern und bei uns gibt es in jeder Gemeinde ein j\u00e4hrliches &#8222;<em>Ramadama<\/em>&#8222;. Das Wort stammt (vermutlich) aus dem bayrischen Satz &#8222;<em>rama derma<\/em>&#8220; was soviel bedeutet wie &#8222;<em>we clean up<\/em>&#8222;. Man trifft sich mit anderen Gemeindemitgliedern, erh\u00e4lt von der Gemeinde ein Gebiet und einen gro\u00dfen M\u00fcllsack zugewiesen und schon kann\u00b4s losgehen. Man sucht in seinem Gebiet nach M\u00fcll, wirft diesen in den M\u00fcllsack und bringt diesen anschlie\u00dfend zum Bauhof zur\u00fcck oder zu speziell markierten Sammelpunkten. Das dauert meistens einen Vormittag und findet meistens am Samstag statt. Als Belohnung bekommt man bei vielen Gemeinden noch ein paar W\u00fcrstel oder etwas Vegetarisches zu essen und ein Getr\u00e4nk. <\/p>\n\n\n\n<p>I really enjoy participating in the Ramadama, because the atmosphere is great and it's fun. Most of the time, the communities publish the dates in the local media (online and print media). <\/p>\n\n\n\n<h3 class=\"wp-block-heading\" id=\"plogging\">Plogging<\/h3>\n\n\n\n<p>Plogging usually involves a few runners getting together to collect trash while running. But there are also many people who run alone and collect the garbage on their running route. Often plogging is done in the mountains, along rivers or in the forest. Actually, this trend originates from Scandinavia, but has long since found its way into our country. We think it's a really great thing!<\/p>\n\n\n\n<h3 class=\"wp-block-heading\" id=\"netzwerke\">Networks<\/h3>\n\n\n\n<p>Und dann gibt es noch private Organisatoren von richtigen M\u00fcllsammelnetzwerken. Ein Beispiel ist das Netzwerk &#8222;<a rel=\"noreferrer noopener\" href=\"https:\/\/trashhero.org\/de\/unser-netzwerk\/\" target=\"_blank\">Trash Hero<\/a>&#8220; welches weltweit in verschiedenen St\u00e4dten Termine zum M\u00fcll Sammeln anbietet und koordiniert. Leider gibt es in Deutschland bisher wenig Niederlassungen, aber warum gr\u00fcndest Du nicht eine lokale Niederlassung? Die Natur dankt es Dir!<\/p>\n\n\n\n<h2 class=\"wp-block-heading\" id=\"life-score-punkte-fur-die-garbage-grab-challenge\">Life-Score Punkte f\u00fcr die Garbage Grab &#8211; Challenge<\/h2>\n\n\n<div class=\"wp-block-image\">\n<figure class=\"aligncenter size-full is-resized\"><img loading=\"lazy\" decoding=\"async\" width=\"1000\" height=\"1001\" src=\"http:\/\/rockyourgoal.de\/wp-content\/uploads\/2022\/08\/LSP-Unser_Planet.png\" alt=\"\" class=\"wp-image-8298\" style=\"width:178px;height:178px\" srcset=\"http:\/\/rockyourgoal.de\/wp-content\/uploads\/2022\/08\/LSP-Unser_Planet.png 1000w, http:\/\/rockyourgoal.de\/wp-content\/uploads\/2022\/08\/LSP-Unser_Planet-300x300.png 300w, http:\/\/rockyourgoal.de\/wp-content\/uploads\/2022\/08\/LSP-Unser_Planet-150x150.png 150w, http:\/\/rockyourgoal.de\/wp-content\/uploads\/2022\/08\/LSP-Unser_Planet-768x769.png 768w, http:\/\/rockyourgoal.de\/wp-content\/uploads\/2022\/08\/LSP-Unser_Planet-12x12.png 12w, http:\/\/rockyourgoal.de\/wp-content\/uploads\/2022\/08\/LSP-Unser_Planet-850x851.png 850w\" sizes=\"auto, (max-width: 1000px) 100vw, 1000px\" \/><figcaption class=\"wp-element-caption\">Hol Dir die sch\u00f6ne blaue Murmel und die wertvollen Life-Score Punkte<\/figcaption><\/figure>\n<\/div>\n\n\n<p>For each trash pickup mission you can get <strong>5 Life-Score<\/strong> points. Tell others about it too, collecting trash is fun!<\/p>\n\n\n\n<h3 class=\"wp-block-heading\">Murmel f\u00fcr die Garbage Grab Challenge<\/h3>\n\n\n\n<p>For the Garbage Grab Challenge you can get the beautiful marble(s) in blue (Our Planet). These have the following size:<\/p>\n\n\n\n<ul class=\"wp-block-list\">\n<li>5 Life-Score Punkte &#8211; Eine blaue Murmel mit einem Durchmesser von 16mm<\/li>\n<\/ul>\n\n\n\n<p>Wenn Du die Murmel haben m\u00f6chtest, dann lies bitte weiter<\/p>\n\n\n\n<h2 class=\"wp-block-heading\" id=\"so-kannst-du-an-der-bavarian-lakes-challenge-teilnehmen\">How to participate in the Garbage Grab Challenge<\/h2>\n\n\n\n<ul class=\"wp-block-list\">\n<li><a href=\"https:\/\/rockyourgoal.de\/en\/timeless-challenge\/#Anmeldung_und_Leistungsumfang\">Melde Dich bei der Timeless Challenge an!<\/a><\/li>\n\n\n\n<li><a href=\"https:\/\/rockyourgoal.de\/en\/wb-admin\/?action=register\">Registriere Dich (falls noch nicht geschehen) bei dieser Seite (klick auf diesen Satz)<\/a><\/li>\n\n\n\n<li>The rule is very simple! Whether you go litter picking alone or in a group, you earn the Life Score points awarded. But be honest with yourself and with us.<\/li>\n\n\n\n<li>Wenn Du die Challenge erf\u00fcllt hast, dann f\u00fcll bitte das untere Formular (nur sichtbar wenn Du registriert und angemeldet bist) aus. Wir schicken Dir die Murmel zu. Die Life Score Points werden Dir automatisch gutgeschrieben und im\u00a0<a href=\"https:\/\/rockyourgoal.de\/en\/timeless-challenge\/#Life_Museum\">Life Museum<\/a>\u00a0erg\u00e4nzt. Bitte schreibe Deine Lieferadresse in die \u201eNotes\u201c im Formular.<\/li>\n<\/ul>\n\n\n\n\n\n\n<h2 class=\"wp-block-heading\" id=\"die-garbage-grab-challenge-in-social-media\">The Garbage Grab Challenge in Social Media<\/h2>\n\n\n\n<h3 class=\"wp-block-heading\" id=\"facebook\">Facebook<\/h3>\n\n\n\n<p>Wir laden Dich herzlich zum zwanglosen Austausch \u00fcber diese Challenge in unsere Gruppe &#8222;<em>Our Planet<\/em>&#8220; in Facebook ein.<\/p>\n\n\n\n<h3 class=\"wp-block-heading\" id=\"unsere-hashtags\"># Our Hashtags<\/h3>\n\n\n\n<p>#timelesschallenge (show that you like the idea)<br>#tcgarbagegrab<\/p>\n\n\n\n<p>#timelesschallenger<\/p>","protected":false},"excerpt":{"rendered":"<p>In unseren Meeren schwimmt so viel Plastik, dass sich die Meeresbewohner darin verfangen und j\u00e4mmerlich eingehen. Aber auch in unserer unmittelbaren Umgebung, unseren St\u00e4dten, in unseren Bergen und in unseren W\u00e4ldern und Fl\u00fcssen befindet sich M\u00fcll, viel M\u00fcll. Diesen M\u00fcll fressen Tiere und verenden qualvoll, er verschmutzt unser Grundwasser und&hellip;<\/p>\n<p> <a class=\"more-link\" href=\"http:\/\/rockyourgoal.de\/en\/timeless-challenge\/umwelt\/garbage-grab\/\">Read more<\/a><\/p>","protected":false},"author":2,"featured_media":6086,"parent":12595,"menu_order":0,"comment_status":"open","ping_status":"closed","template":"","meta":{"pgc_sgb_lightbox_settings":"","_glsr_average":0,"_glsr_ranking":0,"_glsr_reviews":0,"footnotes":""},"class_list":["post-6022","page","type-page","status-publish","has-post-thumbnail"],"_links":{"self":[{"href":"http:\/\/rockyourgoal.de\/en\/wp-json\/wp\/v2\/pages\/6022","targetHints":{"allow":["GET"]}}],"collection":[{"href":"http:\/\/rockyourgoal.de\/en\/wp-json\/wp\/v2\/pages"}],"about":[{"href":"http:\/\/rockyourgoal.de\/en\/wp-json\/wp\/v2\/types\/page"}],"author":[{"embeddable":true,"href":"http:\/\/rockyourgoal.de\/en\/wp-json\/wp\/v2\/users\/2"}],"replies":[{"embeddable":true,"href":"http:\/\/rockyourgoal.de\/en\/wp-json\/wp\/v2\/comments?post=6022"}],"version-history":[{"count":25,"href":"http:\/\/rockyourgoal.de\/en\/wp-json\/wp\/v2\/pages\/6022\/revisions"}],"predecessor-version":[{"id":18250,"href":"http:\/\/rockyourgoal.de\/en\/wp-json\/wp\/v2\/pages\/6022\/revisions\/18250"}],"up":[{"embeddable":true,"href":"http:\/\/rockyourgoal.de\/en\/wp-json\/wp\/v2\/pages\/12595"}],"wp:featuredmedia":[{"embeddable":true,"href":"http:\/\/rockyourgoal.de\/en\/wp-json\/wp\/v2\/media\/6086"}],"wp:attachment":[{"href":"http:\/\/rockyourgoal.de\/en\/wp-json\/wp\/v2\/media?parent=6022"}],"curies":[{"name":"wp","href":"https:\/\/api.w.org\/{rel}","templated":true}]}}