{"id":5879,"date":"2022-12-19T07:00:00","date_gmt":"2022-12-19T06:00:00","guid":{"rendered":"https:\/\/rockyourgoal.de\/?page_id=5879"},"modified":"2025-01-10T10:15:33","modified_gmt":"2025-01-10T09:15:33","slug":"family-power","status":"publish","type":"page","link":"http:\/\/rockyourgoal.de\/en\/timeless-challenge\/beziehungen\/family-power\/","title":{"rendered":"Family Power &#8211; Die Kraft der Familie"},"content":{"rendered":"<p>The greatest strength in our lives we get from our family. If a family sticks together, then unimagined forces are released and you have the back free for all your plans and goals. <\/p>\n\n\n\n<p>The family is a sworn community in which trust and love are paramount, and it is there for you even when you are not well. <\/p>\n\n\n\n<p>Even if you have so many personal goals of your own, the most important goals are still the ones you share with your loved ones. They are the things that are important to all of you and that unleash your shared energy. <\/p>\n\n\n<div class=\"wp-block-image\">\n<figure class=\"aligncenter size-full is-resized\"><a href=\"https:\/\/rockyourgoal.de\/wp-content\/uploads\/2022\/02\/die-kraft-der-familie.jpg\"><img loading=\"lazy\" decoding=\"async\" width=\"960\" height=\"778\" src=\"https:\/\/rockyourgoal.de\/wp-content\/uploads\/2022\/02\/die-kraft-der-familie.jpg\" alt=\"\" class=\"wp-image-5882\" style=\"width:470px;height:380px\" srcset=\"http:\/\/rockyourgoal.de\/wp-content\/uploads\/2022\/02\/die-kraft-der-familie.jpg 960w, http:\/\/rockyourgoal.de\/wp-content\/uploads\/2022\/02\/die-kraft-der-familie-300x243.jpg 300w, http:\/\/rockyourgoal.de\/wp-content\/uploads\/2022\/02\/die-kraft-der-familie-768x622.jpg 768w, http:\/\/rockyourgoal.de\/wp-content\/uploads\/2022\/02\/die-kraft-der-familie-850x689.jpg 850w\" sizes=\"auto, (max-width: 960px) 100vw, 960px\" \/><\/a><\/figure>\n<\/div>\n\n\n<p>Leider wird die Familie zu schnell &#8222;selbstverst\u00e4ndlich&#8220;. Auch wenn es sehr wichtig ist, dass eine Familie im Umgang miteinander unkompliziert und ehrlich ist, so ist es aber wichtig sich umeinander aktiv zu k\u00fcmmern. <\/p>\n\n\n\n<p>This involves talking to each other, setting common goals and working on them. And that's what the Challenge is all about <em>&#8222;Family Power&#8220;<\/em>. <\/p>\n\n\n\n<p><\/p>\n\n\n<div class=\"wp-block-image\">\n<figure class=\"aligncenter\"><a href=\"https:\/\/rockyourgoal.de\/en\/timeless-challenge\/#Anmeldung_und_Leistungsumfang\"><img loading=\"lazy\" decoding=\"async\" width=\"300\" height=\"145\" src=\"https:\/\/rockyourgoal.de\/wp-content\/uploads\/2022\/12\/image-1.png\" alt=\"\" class=\"wp-image-10083\" srcset=\"http:\/\/rockyourgoal.de\/wp-content\/uploads\/2022\/12\/image-1.png 300w, http:\/\/rockyourgoal.de\/wp-content\/uploads\/2022\/12\/image-1-18x9.png 18w\" sizes=\"auto, (max-width: 300px) 100vw, 300px\" \/><\/a><figcaption class=\"wp-element-caption\">Die Family Power Challenge geh\u00f6rt zur Timeless Challenge. Mach mit!<\/figcaption><\/figure>\n<\/div>\n\n\n<p><strong><em>A new challenge every Monday!<\/em><\/strong>&nbsp;<strong><em>Stay informed!<\/em><\/strong><\/p>\n\n\n\n<ul class=\"wp-block-list\">\n<li><strong>Instagram<\/strong>:&nbsp;<a rel=\"noreferrer noopener\" href=\"https:\/\/www.instagram.com\/timeless_challenge\" target=\"_blank\">@timeless_challenge<\/a><\/li>\n\n\n\n<li><strong>Facebook<\/strong>:&nbsp;<a rel=\"noreferrer noopener\" href=\"https:\/\/www.facebook.com\/rockyourgoal\" target=\"_blank\">Rockyourgoal<\/a><\/li>\n\n\n\n<li><strong>Twitter<\/strong>:&nbsp;<a rel=\"noreferrer noopener\" href=\"https:\/\/www.twitter.com\/goal_rock\" target=\"_blank\">@goal_rock<\/a><\/li>\n<\/ul>\n\n\n\n<h2 class=\"wp-block-heading\" id=\"regeln\">Rules<\/h2>\n\n\n\n<p>Diese Challenge wird Dich und Deine Familie \u00fcber eine lange Zeit besch\u00e4ftigen, aber euch auch als &#8222;Family-Power-Team&#8220; zusammenbringen. <\/p>\n\n\n\n<p>Setzt euch in gem\u00fctlicher Atmosph\u00e4re zusammen und redet dar\u00fcber was euch wichtig ist und findet eure wichtigsten, gemeinsamen Ziele. Diese m\u00fcssen nicht &#8222;abgehoben&#8220; sein, sondern es kann sich um konkrete Dinge handeln wie z.B. &#8222;Wir wollen dieses Jahr zusammen nach Australien fahren&#8220;. Es k\u00f6nnen gerne auch mehrere Ziele sein oder auch Ziele unterschiedlicher Gr\u00f6\u00dfenordnungen. Es kommt nur darauf an, dass ihr euch abstimmt und einen Konsens findet, denn das Ziel muss f\u00fcr euch alle wichtig sein, denn ihr werdet daran gemeinsam arbeiten. Schreibt die Ziele auf und h\u00e4ngt sie irgendwo auf, wo ihr sie jederzeit sehen k\u00f6nnt (z.B. K\u00fchlschrankt\u00fcr).<\/p>\n\n\n\n<p>Once you have found your annual goals (we recommend you work with annual goals), then plan together how to implement them. Maybe you need to save together towards the goal, maybe you need to do crafts, maybe you need to learn something together. Well, it depends on your goal. <\/p>\n\n\n\n<p>You will receive Life Score points for both goal definition and implementation success. <\/p>\n\n\n\n<h2 class=\"wp-block-heading\" id=\"life-score-punkte-fur-die-family-power-challenge\">Life-Score Points for the <em>Family Power<\/em> Challenge works<\/h2>\n\n\n\n<p>In this challenge you can achieve new Life Score points every year. <\/p>\n\n\n<div class=\"wp-block-image\">\n<figure class=\"aligncenter size-medium\"><img loading=\"lazy\" decoding=\"async\" width=\"300\" height=\"300\" src=\"https:\/\/rockyourgoal.de\/wp-content\/uploads\/2022\/08\/LSP-Beziehungen-1-300x300.png\" alt=\"\" class=\"wp-image-8294\" srcset=\"http:\/\/rockyourgoal.de\/wp-content\/uploads\/2022\/08\/LSP-Beziehungen-1-300x300.png 300w, http:\/\/rockyourgoal.de\/wp-content\/uploads\/2022\/08\/LSP-Beziehungen-1-150x150.png 150w, http:\/\/rockyourgoal.de\/wp-content\/uploads\/2022\/08\/LSP-Beziehungen-1-768x769.png 768w, http:\/\/rockyourgoal.de\/wp-content\/uploads\/2022\/08\/LSP-Beziehungen-1-12x12.png 12w, http:\/\/rockyourgoal.de\/wp-content\/uploads\/2022\/08\/LSP-Beziehungen-1-850x851.png 850w, http:\/\/rockyourgoal.de\/wp-content\/uploads\/2022\/08\/LSP-Beziehungen-1.png 1000w\" sizes=\"auto, (max-width: 300px) 100vw, 300px\" \/><figcaption class=\"wp-element-caption\">Get the popular red marbles and life score points in red for the Family Power Challenge!<\/figcaption><\/figure>\n<\/div>\n\n\n<figure class=\"wp-block-table\"><table><tbody><tr><td><strong>Logo<\/strong><\/td><td><strong>Name<\/strong><\/td><td><strong>Life-Score Points<\/strong><\/td><td><strong>Notes<\/strong><\/td><\/tr><tr><td><img loading=\"lazy\" decoding=\"async\" width=\"150\" height=\"86\" class=\"wp-image-5923\" style=\"width: 150px;\" src=\"http:\/\/rockyourgoal.de\/wp-content\/uploads\/2022\/02\/logo-family-power-2.png\" alt=\"\" srcset=\"http:\/\/rockyourgoal.de\/wp-content\/uploads\/2022\/02\/logo-family-power-2.png 2517w, http:\/\/rockyourgoal.de\/wp-content\/uploads\/2022\/02\/logo-family-power-2-300x173.png 300w, http:\/\/rockyourgoal.de\/wp-content\/uploads\/2022\/02\/logo-family-power-2-1024x589.png 1024w, http:\/\/rockyourgoal.de\/wp-content\/uploads\/2022\/02\/logo-family-power-2-768x442.png 768w, http:\/\/rockyourgoal.de\/wp-content\/uploads\/2022\/02\/logo-family-power-2-1536x884.png 1536w, http:\/\/rockyourgoal.de\/wp-content\/uploads\/2022\/02\/logo-family-power-2-2048x1178.png 2048w, http:\/\/rockyourgoal.de\/wp-content\/uploads\/2022\/02\/logo-family-power-2-850x489.png 850w\" sizes=\"auto, (max-width: 150px) 100vw, 150px\" \/><\/td><td>Family Power &#8211; Ziele umgesetzt<\/td><td>50<\/td><td>Together, implement your defined goals. You get the marble in red with a diameter of 25mm<\/td><\/tr><\/tbody><\/table><\/figure>\n\n\n\n<h2 class=\"wp-block-heading\" id=\"so-kannst-du-bei-der-family-power-challenge-mitmachen\">This is how you can get started with the Family <em>Power Challenge<\/em> .<\/h2>\n\n\n\n<ul class=\"wp-block-list\">\n<li><a href=\"https:\/\/rockyourgoal.de\/en\/timeless-challenge\/#Anmeldung_und_Leistungsumfang\">Melde Dich bei der Timeless Challenge an!<\/a><\/li>\n\n\n\n<li><a href=\"https:\/\/rockyourgoal.de\/en\/wb-admin\/?action=register\">Registriere Dich (falls noch nicht geschehen) bei dieser Seite (klick auf diesen Satz)<\/a><\/li>\n\n\n\n<li>Dies ist eine Familienchallenge. Ihr definiert eure Ziele gemeinsam und arbeitet an diesen. Ihr werdet euer Ziel erreichen.<\/li>\n\n\n\n<li>Wenn ihr das Ziel erreicht habt, dann f\u00fcll bitte das untere Formular (nur sichtbar wenn Du registriert und angemeldet bist) aus. Wir schicken Dir die Murmel zu. Die Life Score Points werden Dir automatisch gutgeschrieben und im\u00a0<a href=\"https:\/\/rockyourgoal.de\/en\/timeless-challenge\/#Life_Museum\">Life Museum<\/a>\u00a0erg\u00e4nzt. Bitte schreibe Deine Lieferadresse in die \u201eNotes\u201c im Formular.<\/li>\n<\/ul>\n\n\n\n\n\n\n<h2 class=\"wp-block-heading\" id=\"die-family-power-challenge-in-social-media\">The <em>Family Power<\/em> Challenge in Social Media<\/h2>\n\n\n\n<p>If you want to tell others about your goals and progress, you are of course welcome to do so. But in your own interest, please make sure not to post pictures of children. <\/p>\n\n\n\n<h3 class=\"wp-block-heading\" id=\"facebook-gruppe-fur-die-family-power-challenge\">Facebook Gruppe f\u00fcr die Family Power Challenge<\/h3>\n\n\n\n<p>We invite you to join our group for an informal exchange about this challenge. <em>Relationships<\/em> in Facebook.<\/p>\n\n\n\n<h3 class=\"wp-block-heading\" id=\"unsere-hashtags\"># Our Hashtags<\/h3>\n\n\n\n<ul class=\"wp-block-list\">\n<li>#timelesschallenge<\/li>\n\n\n\n<li>#familypower<\/li>\n\n\n\n<li>#timelesschallenger<\/li>\n<\/ul>","protected":false},"excerpt":{"rendered":"<p>Die gr\u00f6\u00dfte Kraft in unserem Leben bekommen wir von unserer Familie. Wenn eine Familie zusammen h\u00e4lt, dann werden ungeahnte Kr\u00e4fte frei und Du hast den R\u00fccken frei f\u00fcr alle Deine Vorhaben und Ziele. Die Familie ist eine eingeschworene Gemeinschaft in der Vertrauen und Liebe an erster Stelle steht und sie&hellip;<\/p>\n<p> <a class=\"more-link\" href=\"http:\/\/rockyourgoal.de\/en\/timeless-challenge\/beziehungen\/family-power\/\">Read more<\/a><\/p>","protected":false},"author":2,"featured_media":5923,"parent":12936,"menu_order":0,"comment_status":"open","ping_status":"closed","template":"","meta":{"pgc_sgb_lightbox_settings":"","_glsr_average":0,"_glsr_ranking":0,"_glsr_reviews":0,"footnotes":""},"class_list":["post-5879","page","type-page","status-publish","has-post-thumbnail"],"_links":{"self":[{"href":"http:\/\/rockyourgoal.de\/en\/wp-json\/wp\/v2\/pages\/5879","targetHints":{"allow":["GET"]}}],"collection":[{"href":"http:\/\/rockyourgoal.de\/en\/wp-json\/wp\/v2\/pages"}],"about":[{"href":"http:\/\/rockyourgoal.de\/en\/wp-json\/wp\/v2\/types\/page"}],"author":[{"embeddable":true,"href":"http:\/\/rockyourgoal.de\/en\/wp-json\/wp\/v2\/users\/2"}],"replies":[{"embeddable":true,"href":"http:\/\/rockyourgoal.de\/en\/wp-json\/wp\/v2\/comments?post=5879"}],"version-history":[{"count":20,"href":"http:\/\/rockyourgoal.de\/en\/wp-json\/wp\/v2\/pages\/5879\/revisions"}],"predecessor-version":[{"id":18238,"href":"http:\/\/rockyourgoal.de\/en\/wp-json\/wp\/v2\/pages\/5879\/revisions\/18238"}],"up":[{"embeddable":true,"href":"http:\/\/rockyourgoal.de\/en\/wp-json\/wp\/v2\/pages\/12936"}],"wp:featuredmedia":[{"embeddable":true,"href":"http:\/\/rockyourgoal.de\/en\/wp-json\/wp\/v2\/media\/5923"}],"wp:attachment":[{"href":"http:\/\/rockyourgoal.de\/en\/wp-json\/wp\/v2\/media?parent=5879"}],"curies":[{"name":"wp","href":"https:\/\/api.w.org\/{rel}","templated":true}]}}