{"id":4629,"date":"2021-11-30T13:55:02","date_gmt":"2021-11-30T12:55:02","guid":{"rendered":"http:\/\/rockyourgoal.de\/?page_id=4629"},"modified":"2021-11-30T16:08:30","modified_gmt":"2021-11-30T15:08:30","slug":"gastartikel-advertorials-und-werbung","status":"publish","type":"page","link":"http:\/\/rockyourgoal.de\/en\/deshalb-bist-du-hier\/gastartikel-advertorials-und-werbung\/","title":{"rendered":"Guest articles, advertorials and advertising"},"content":{"rendered":"<p>Lately, I've been receiving more requests for guest articles and advertising on this blog. I'm very pleased, because these requests show me that Rockyourgoal.de is becoming increasingly well-known and therefore more attractive to advertisers. <\/p>\n\n\n\n<p>Trotzdem werde ich mit solchen Anfragen sehr defensiv umgehen. Zum Einen freue ich mich \u00fcber eine finanzielle Unterst\u00fctzung, denn dieser Blog fordert sehr viel Zeit und Geld. Zum anderen werde ich immer den Mehrwert f\u00fcr meine Leser als Basis f\u00fcr alle Anfragen nehmen und meine Reputation nicht &#8222;verkaufen&#8220;. <\/p>\n\n\n\n<p>For this reason, I welcome inquiries, but there are strict rules for guest articles and advertising on this site:<\/p>\n\n\n\n<div class=\"wp-block-image\"><figure class=\"aligncenter size-full is-resized\"><img loading=\"lazy\" decoding=\"async\" src=\"http:\/\/rockyourgoal.de\/wp-content\/uploads\/2021\/11\/werbung-und-gastartikel-auf-rockyourgoal.jpg\" alt=\"\" class=\"wp-image-4631\" width=\"488\" height=\"325\" srcset=\"http:\/\/rockyourgoal.de\/wp-content\/uploads\/2021\/11\/werbung-und-gastartikel-auf-rockyourgoal.jpg 960w, http:\/\/rockyourgoal.de\/wp-content\/uploads\/2021\/11\/werbung-und-gastartikel-auf-rockyourgoal-300x200.jpg 300w, http:\/\/rockyourgoal.de\/wp-content\/uploads\/2021\/11\/werbung-und-gastartikel-auf-rockyourgoal-768x513.jpg 768w, http:\/\/rockyourgoal.de\/wp-content\/uploads\/2021\/11\/werbung-und-gastartikel-auf-rockyourgoal-850x568.jpg 850w\" sizes=\"auto, (max-width: 488px) 100vw, 488px\" \/><figcaption>Advertising and guest articles are possible, but only under strict rules<\/figcaption><\/figure><\/div>\n\n\n\n<h2 class=\"wp-block-heading\">Guest articles and advertorials<\/h2>\n\n\n\n<p>I really enjoy writing guest articles myself, but I put a lot of effort into it. Over the years, I have developed criteria that are self-evident to me as a guest article author and that I also apply to guest articles. <strong>and<\/strong> from advertorials for this site. Guest articles are free, but advertorials are subject to a fee. <\/p>\n\n\n\n<h3 class=\"wp-block-heading\">Requirements for guest articles<\/h3>\n\n\n\n<p>I ask for your understanding regarding my high standards, but every guest article should meet the following rules and quality criteria:<\/p>\n\n\n\n<ul class=\"wp-block-list\"><li><strong><em>Relevance for my readers<\/em><\/strong>: My readers are active, adventurous, and athletic people. They enjoy well-written articles about fitness, sports, and special adventures. Your article should be interesting to my readers. If it isn't, please contact another blogger. <\/li><li><strong><em>Unique Content<\/em><\/strong>: Of course, your article should be written specifically for Rockyourgoal.de and published only here. <\/li><li><strong><em>Word count and readability<\/em><\/strong>: In the interest of my readers, I expect from every guest article or advertorial <strong>at least 1000 words<\/strong> and a clear structure with headings, subheadings and I'm happy to receive images (for which you hold the rights). <\/li><li><strong><em>Recht zur &#8222;Anpassung&#8220;<\/em><\/strong>: Damit die &#8222;Seele&#8220; dieses Blogs erhalten bleibt, behalte ich mir das Recht zur Anpassung Deines Artikels vor. Hier geht es um eventuelle Erg\u00e4nzungen oder kleinere Anpassungen. Ich werde den Sinn Deines Artikels nicht ver\u00e4ndern. <\/li><li><strong><em>Link to your site<\/em><\/strong>: You are welcome to add a link to your site <\/li><li><strong>Be rejected<\/strong>: Links to sites that violate morals or the law as well as gambling sites!<\/li><\/ul>\n\n\n\n<p>Price: FREE<\/p>\n\n\n\n<p>If you have a suggestion for a guest post, please contact me at <em>uwe@rockyourgoal.de<\/em> !<\/p>\n\n\n\n<h3 class=\"wp-block-heading\">Requirements for advertorials<\/h3>\n\n\n\n<p>Advertorials should also be interesting for my readers. Therefore, I again ask for your understanding regarding my high standards, but every advertorial should meet the following rules and quality criteria: <\/p>\n\n\n\n<p><li><strong><em>Relevance for my readers<\/em><\/strong>: My readers are active, adventurous, and athletic people. They enjoy well-written articles about fitness, sports, and special adventures. Your article should be interesting to my readers. If it isn't, please contact another blogger. <\/li><\/p>\n\n\n\n<p><li><strong><em>Unique Content<\/em><\/strong>: Of course, your article should be written specifically for Rockyourgoal.de and published only here. <\/li><\/p>\n\n\n\n<p><li><strong><em>Word count and readability<\/em><\/strong>: In the interest of my readers, I expect from every advertorial <strong>at least 500 words<\/strong> and a clear structure with headings, subheadings and I'm happy to receive images (for which you hold the rights). <\/li><\/p>\n\n\n\n<p><li><strong><em>Recht zur &#8222;Anpassung&#8220;<\/em><\/strong>: Damit die &#8222;Seele&#8220; dieses Blogs erhalten bleibt, behalte ich mir das Recht zur Anpassung Deines Artikels vor. Hier geht es um eventuelle Erg\u00e4nzungen oder kleinere Anpassungen. Ich werde den Sinn Deines Artikels nicht anpacken. <\/li><\/p>\n\n\n\n<ul class=\"wp-block-list\"><li><strong><em>Link to your site<\/em><\/strong>: You may place up to two links on your page. <\/li><li><strong>Be rejected<\/strong>: Links to sites that violate morals or the law as well as gambling sites!<\/li><\/ul>\n\n\n\n<p><strong>PRICE<\/strong>: 200,- EUR<\/p>\n\n\n\n<p>For the placement of an advertorial please contact me at uwe@rockyourgoal.de <\/p>\n\n\n\n<h2 class=\"wp-block-heading\">Other advertising<\/h2>\n\n\n\n<p>Please contact me. We'd be happy to discuss other ways we could work together. <\/p>\n\n\n\n<p> <\/p>","protected":false},"excerpt":{"rendered":"<p>Ich bekomme in letzter Zeit h\u00e4ufiger Anfragen zu Gastartikeln und Werbung auf diesem Blog. Das freut mich sehr, denn diese Anfragen zeigen mir, dass Rockyourgoal.de immer bekannter wird und damit auch f\u00fcr Werbetreibende immer interessanter. Trotzdem werde ich mit solchen Anfragen sehr defensiv umgehen. Zum Einen freue ich mich \u00fcber&hellip;<\/p>\n<p> <a class=\"more-link\" href=\"http:\/\/rockyourgoal.de\/en\/deshalb-bist-du-hier\/gastartikel-advertorials-und-werbung\/\">Read more<\/a><\/p>","protected":false},"author":2,"featured_media":0,"parent":2,"menu_order":2,"comment_status":"closed","ping_status":"closed","template":"","meta":{"pgc_sgb_lightbox_settings":"","_glsr_average":0,"_glsr_ranking":0,"_glsr_reviews":0,"footnotes":""},"class_list":["post-4629","page","type-page","status-publish"],"_links":{"self":[{"href":"http:\/\/rockyourgoal.de\/en\/wp-json\/wp\/v2\/pages\/4629","targetHints":{"allow":["GET"]}}],"collection":[{"href":"http:\/\/rockyourgoal.de\/en\/wp-json\/wp\/v2\/pages"}],"about":[{"href":"http:\/\/rockyourgoal.de\/en\/wp-json\/wp\/v2\/types\/page"}],"author":[{"embeddable":true,"href":"http:\/\/rockyourgoal.de\/en\/wp-json\/wp\/v2\/users\/2"}],"replies":[{"embeddable":true,"href":"http:\/\/rockyourgoal.de\/en\/wp-json\/wp\/v2\/comments?post=4629"}],"version-history":[{"count":9,"href":"http:\/\/rockyourgoal.de\/en\/wp-json\/wp\/v2\/pages\/4629\/revisions"}],"predecessor-version":[{"id":4643,"href":"http:\/\/rockyourgoal.de\/en\/wp-json\/wp\/v2\/pages\/4629\/revisions\/4643"}],"up":[{"embeddable":true,"href":"http:\/\/rockyourgoal.de\/en\/wp-json\/wp\/v2\/pages\/2"}],"wp:attachment":[{"href":"http:\/\/rockyourgoal.de\/en\/wp-json\/wp\/v2\/media?parent=4629"}],"curies":[{"name":"wp","href":"https:\/\/api.w.org\/{rel}","templated":true}]}}