{"id":20074,"date":"2025-09-25T15:38:03","date_gmt":"2025-09-25T13:38:03","guid":{"rendered":"https:\/\/rockyourgoal.de\/?page_id=20074"},"modified":"2025-09-26T12:46:49","modified_gmt":"2025-09-26T10:46:49","slug":"bikexplore-the-world","status":"publish","type":"page","link":"http:\/\/rockyourgoal.de\/en\/timeless-challenge\/gesundheit\/bikexplore-the-world\/","title":{"rendered":"Bikexplore the World"},"content":{"rendered":"<p>Die Welt mit dem Fahrrad zu bereisen bedeutet die Reise mit allen Sinnen zu erleben. Du bist schnell genug um auch weite Ziele zu erreichen und langsam genug um die Gegend bewusst und intensiv zu erleben. <\/p>\n\n\n\n<p>F\u00fcr alle die gerne mit dem Fahrrad in den Urlaub fahren und f\u00fcr alle die auch weitere Reisen mit dem Drahtesel machen m\u00f6chten, ist die &#8222;<em>Bikexlore the World<\/em>&#8220; &#8211; Challenge gedacht. <\/p>\n\n\n<div class=\"wp-block-image\">\n<figure class=\"aligncenter size-large\"><img loading=\"lazy\" decoding=\"async\" width=\"639\" height=\"716\" src=\"http:\/\/rockyourgoal.de\/wp-content\/uploads\/2025\/09\/mit-dem-rad-nach-rumaenien-brasov-639x716.jpg\" alt=\"\" class=\"wp-image-20071\"\/><\/figure>\n<\/div>\n\n\n<h2 class=\"wp-block-heading\">Rules<\/h2>\n\n\n\n<p>Die &#8222;<em>Bikexlore the World<\/em>&#8220; &#8211; Challenge richtet sich an Menschen die gerne Radfahren und Neues entdecken. Es geht dabei nicht um das sch\u00f6nde &#8222;Sammeln von Kilometern&#8220;, sondern um das Erkunden von Neuem mit dem Fahrrad. Du bekommst pro 100 zur\u00fcckgelegten Kilometern einen Life-Score-Point, aber nur, wenn Du die folgenden Punkte erf\u00fcllst:<\/p>\n\n\n\n<ul class=\"wp-block-list\">\n<li>Du f\u00e4hrst die Strecke zum ersten Mal UND<\/li>\n\n\n\n<li>Du beginnst Deine Tour von zu Hause oder einem Ort den Du bereits in der Vergangenheit mit dem Rad erreicht hast. Folgendes Beispiel:<\/li>\n<\/ul>\n\n\n\n<figure class=\"wp-block-image size-full\"><img loading=\"lazy\" decoding=\"async\" width=\"1242\" height=\"628\" src=\"https:\/\/rockyourgoal.de\/wp-content\/uploads\/2025\/09\/Mit-dem-Rad-um-die-Welt-September-2025.jpg\" alt=\"\" class=\"wp-image-20050\" srcset=\"http:\/\/rockyourgoal.de\/wp-content\/uploads\/2025\/09\/Mit-dem-Rad-um-die-Welt-September-2025.jpg 1242w, http:\/\/rockyourgoal.de\/wp-content\/uploads\/2025\/09\/Mit-dem-Rad-um-die-Welt-September-2025-768x388.jpg 768w\" sizes=\"auto, (max-width: 1242px) 100vw, 1242px\" \/><figcaption class=\"wp-element-caption\">Die Radtour auf diesem Bild beginnt in M\u00fcnchen und endet in Brasov. 1700 Kilometer, also 17 LSP\u00b4s. F\u00fcr Deine n\u00e4chste Tour kannst Du also an jedem Punkt dieser Tour starten (z.B. in Budapest, Wien etc.). Bis dahin d\u00fcrftest Du mit der Bahn, FlixBus etc. anreisen und Dein Rad mitnehmen. Nat\u00fcrlich d\u00fcrftest Du auch mit dem Rad bis zum Startpunkt anreisen, aber die LSP\u00b4s werden dann erst ab dem neuen Startpunkt (z.B. Budapest) gez\u00e4hlt. Es geht schlie\u00dflich darum, mit dem Rad Neues zu entdecken!<\/figcaption><\/figure>\n\n\n<div class=\"wp-block-image\">\n<figure class=\"aligncenter\"><a href=\"https:\/\/rockyourgoal.de\/en\/timeless-challenge\/#Anmeldung_und_Leistungsumfang\"><img loading=\"lazy\" decoding=\"async\" width=\"300\" height=\"145\" src=\"https:\/\/rockyourgoal.de\/wp-content\/uploads\/2022\/12\/image-1.png\" alt=\"\" class=\"wp-image-10083\" srcset=\"http:\/\/rockyourgoal.de\/wp-content\/uploads\/2022\/12\/image-1.png 300w, http:\/\/rockyourgoal.de\/wp-content\/uploads\/2022\/12\/image-1-18x9.png 18w\" sizes=\"auto, (max-width: 300px) 100vw, 300px\" \/><\/a><figcaption class=\"wp-element-caption\"><a href=\"https:\/\/rockyourgoal.de\/en\/timeless-challenge\/#Anmeldung_und_Leistungsumfang\">Die \u201e&#8220;<em>Bikexlore the World<\/em>&#8220; &#8211; Challenge<\/a>&#8222;<a href=\"https:\/\/rockyourgoal.de\/en\/timeless-challenge\/#Anmeldung_und_Leistungsumfang\"> geh\u00f6rt nat\u00fcrlich auch zur Timeless Challenge. Mach mit!<\/a><\/figcaption><\/figure>\n<\/div>\n\n\n<h2 class=\"wp-block-heading\">Murmeln und Life-Score Points<\/h2>\n\n\n\n<p>Du erh\u00e4ltst pro 100 gefahrenen Kilometern einen Life-Score-Point f\u00fcr unser Life-Museum. Etwas ganz Besonderes gibt es, sobald Du 1000 Kilometer gefahren bist. Dann hast Du die &#8222;Earth Marble&#8220; (eine Murmel mit ca. 2cm im Durchmesser mit der Erdkugel drin) verdient. <\/p>\n\n\n<div class=\"wp-block-image\">\n<figure class=\"aligncenter size-medium\"><img loading=\"lazy\" decoding=\"async\" width=\"300\" height=\"300\" src=\"https:\/\/rockyourgoal.de\/wp-content\/uploads\/2025\/09\/earth-marble-300x300.jpg\" alt=\"\" class=\"wp-image-20077\" srcset=\"http:\/\/rockyourgoal.de\/wp-content\/uploads\/2025\/09\/earth-marble-300x300.jpg 300w, http:\/\/rockyourgoal.de\/wp-content\/uploads\/2025\/09\/earth-marble.jpg 640w, http:\/\/rockyourgoal.de\/wp-content\/uploads\/2025\/09\/earth-marble-150x150.jpg 150w\" sizes=\"auto, (max-width: 300px) 100vw, 300px\" \/><\/figure>\n<\/div>\n\n\n<h2 class=\"wp-block-heading\" id=\"so-kannst-du-bei-der-drahtesel-on-tour-challenge-mitmachen\">So kannst Du bei der \u201eBikexplore the World&#8220; Challenge mitmachen<\/h2>\n\n\n\n<ul class=\"wp-block-list\">\n<li><a href=\"https:\/\/rockyourgoal.de\/en\/timeless-challenge\/#Anmeldung_und_Leistungsumfang\">Melde Dich bei der Timeless Challenge an!<\/a><\/li>\n\n\n\n<li><a href=\"https:\/\/rockyourgoal.de\/en\/wb-admin\/?action=register\">Registriere Dich (falls noch nicht geschehen) bei dieser Seite (klick auf diesen Satz)<\/a><\/li>\n\n\n\n<li>Reise mit dem Rad und genie\u00df die Erlebnisse sowie Land und Leute.<\/li>\n\n\n\n<li>Wenn Du die Tour hast, dann f\u00fcll bitte das untere Formular (nur sichtbar wenn Du registriert und angemeldet bist) aus. ACHTUNG! Bitte das Formular in &#8222;100km-Schritten&#8220; ausf\u00fcllen und abschicken. Bei 1000 Kilometer sind das leider 10x. Aber anders k\u00f6nnen wir es derzeit technisch nicht l\u00f6sen. <\/li>\n\n\n\n<li>Die Life Score Points werden Dir automatisch gutgeschrieben und im&nbsp;<a href=\"https:\/\/rockyourgoal.de\/en\/timeless-challenge\/#Life_Museum\">Life Museum<\/a>&nbsp;erg\u00e4nzt. Bitte schreibe Deine Lieferadresse in die \u201eNotes\u201c im Formular.<\/li>\n\n\n\n<li>Bei mit dieser Challenge erreichten 1000 Kilometern bekommst Du auch die Earth-Marble.<\/li>\n<\/ul>\n\n\n\n\n\n\n<h2 class=\"wp-block-heading\" id=\"drahtesel-on-tour-in-social-media\">Bikexplore the World in Social Media<\/h2>\n\n\n\n<p>You will surely photograph many places and great views on your bike tours. We will be happy to see your pictures and videos.<\/p>\n\n\n\n<h3 class=\"wp-block-heading\" id=\"facebook-gruppe-fur-drahtesel-on-tour\">Forum f\u00fcr \u201eBikexplore the World\u201c<\/h3>\n\n\n\n<p>Wir laden Dich herzlich zum zwanglosen Austausch \u00fcber diese Challenge in unserem Forum ein.<\/p>\n\n\n\n<h3 class=\"wp-block-heading\" id=\"unsere-hashtags\"># Our Hashtags<\/h3>\n\n\n\n<p>Wir haben f\u00fcr Dich die folgenden Hashtags f\u00fcr Instagram, X und Co. vorbereitet:<\/p>\n\n\n\n<ul class=\"wp-block-list\">\n<li>#timelesschallenge (show that you like the idea)<\/li>\n\n\n\n<li>#tcbikexploretheworld<\/li>\n\n\n\n<li>#timelesschallenger<\/li>\n<\/ul>","protected":false},"excerpt":{"rendered":"<p>Die Welt mit dem Fahrrad zu bereisen bedeutet die Reise mit allen Sinnen zu erleben. Du bist schnell genug um auch weite Ziele zu erreichen und langsam genug um die Gegend bewusst und intensiv zu erleben. F\u00fcr alle die gerne mit dem Fahrrad in den Urlaub fahren und f\u00fcr alle&hellip;<\/p>\n<p> <a class=\"more-link\" href=\"http:\/\/rockyourgoal.de\/en\/timeless-challenge\/gesundheit\/bikexplore-the-world\/\">Read more<\/a><\/p>","protected":false},"author":2,"featured_media":20110,"parent":12548,"menu_order":0,"comment_status":"closed","ping_status":"closed","template":"","meta":{"pgc_sgb_lightbox_settings":"","_glsr_average":0,"_glsr_ranking":0,"_glsr_reviews":0,"footnotes":""},"class_list":["post-20074","page","type-page","status-publish","has-post-thumbnail"],"_links":{"self":[{"href":"http:\/\/rockyourgoal.de\/en\/wp-json\/wp\/v2\/pages\/20074","targetHints":{"allow":["GET"]}}],"collection":[{"href":"http:\/\/rockyourgoal.de\/en\/wp-json\/wp\/v2\/pages"}],"about":[{"href":"http:\/\/rockyourgoal.de\/en\/wp-json\/wp\/v2\/types\/page"}],"author":[{"embeddable":true,"href":"http:\/\/rockyourgoal.de\/en\/wp-json\/wp\/v2\/users\/2"}],"replies":[{"embeddable":true,"href":"http:\/\/rockyourgoal.de\/en\/wp-json\/wp\/v2\/comments?post=20074"}],"version-history":[{"count":7,"href":"http:\/\/rockyourgoal.de\/en\/wp-json\/wp\/v2\/pages\/20074\/revisions"}],"predecessor-version":[{"id":20089,"href":"http:\/\/rockyourgoal.de\/en\/wp-json\/wp\/v2\/pages\/20074\/revisions\/20089"}],"up":[{"embeddable":true,"href":"http:\/\/rockyourgoal.de\/en\/wp-json\/wp\/v2\/pages\/12548"}],"wp:featuredmedia":[{"embeddable":true,"href":"http:\/\/rockyourgoal.de\/en\/wp-json\/wp\/v2\/media\/20110"}],"wp:attachment":[{"href":"http:\/\/rockyourgoal.de\/en\/wp-json\/wp\/v2\/media?parent=20074"}],"curies":[{"name":"wp","href":"https:\/\/api.w.org\/{rel}","templated":true}]}}