{"id":1040,"date":"2020-01-31T12:34:51","date_gmt":"2020-01-31T11:34:51","guid":{"rendered":"http:\/\/rockyourgoal.de\/?page_id=1040"},"modified":"2020-02-06T10:01:57","modified_gmt":"2020-02-06T09:01:57","slug":"ocr-und-spartanrace","status":"publish","type":"page","link":"http:\/\/rockyourgoal.de\/en\/meine-angebote\/ocr-und-spartanrace\/","title":{"rendered":"OCR and Spartanrace"},"content":{"rendered":"<p><em>OCR<\/em> bedeutet ausgeschrieben &#8222;<em>Obstacle Course Race<\/em>&#8222;, auf Deutsch frei mit &#8222;Extrem Hindernislauf&#8220; \u00fcbersetzt. F\u00fcr mich pers\u00f6nlich kann es keine reizvollere Sportart geben. <\/p>\n\n\n\n<div class=\"wp-block-image\"><figure class=\"aligncenter size-large is-resized\"><img loading=\"lazy\" decoding=\"async\" src=\"http:\/\/rockyourgoal.de\/wp-content\/uploads\/2020\/01\/ocr-und-spartanrace-683x1024.jpg\" alt=\"\" class=\"wp-image-1043\" width=\"296\" height=\"443\" srcset=\"http:\/\/rockyourgoal.de\/wp-content\/uploads\/2020\/01\/ocr-und-spartanrace-683x1024.jpg 683w, http:\/\/rockyourgoal.de\/wp-content\/uploads\/2020\/01\/ocr-und-spartanrace-200x300.jpg 200w, http:\/\/rockyourgoal.de\/wp-content\/uploads\/2020\/01\/ocr-und-spartanrace-768x1152.jpg 768w, http:\/\/rockyourgoal.de\/wp-content\/uploads\/2020\/01\/ocr-und-spartanrace-1024x1536.jpg 1024w, http:\/\/rockyourgoal.de\/wp-content\/uploads\/2020\/01\/ocr-und-spartanrace-300x450.jpg 300w, http:\/\/rockyourgoal.de\/wp-content\/uploads\/2020\/01\/ocr-und-spartanrace-850x1275.jpg 850w, http:\/\/rockyourgoal.de\/wp-content\/uploads\/2020\/01\/ocr-und-spartanrace.jpg 1280w\" sizes=\"auto, (max-width: 296px) 100vw, 296px\" \/><figcaption>Egal ob Mann oder Frau &#8211; OCR ist f\u00fcr jeden geeignet!<\/figcaption><\/figure><\/div>\n\n\n\n<p>Das Spartanrace ist der weltweit f\u00fchrende Anbieter der ber\u00fchmten Spartanrace Hindernisl\u00e4ufe. Mein erster Hindernislauf war ein Spartanrace und ich liebe diese Art des Hindernislaufens. Bei jedem Rennen herrscht eine einzigartige Stimmung, sp\u00e4testens wenn man als L\u00e4ufer mit dem typischen Schlachtruf &#8222;Arooo&#8220; startet, dann kribbelt\u00b4s \u00fcberall. Die Hindernisse sind spezifisch f\u00fcr diesen Veranstalter und die Rennen finden an den sch\u00f6nsten Orten der Welt statt!<\/p>\n\n\n\n<p>So sehr ich Spartanrace auch liebe, es gibt selbstverst\u00e4ndlich auch noch andere Formate die alle ihren eigenen Reiz haben. Hinzu kommen noch (wenn man diese Sportart wettkampfm\u00e4\u00dfig betreiben m\u00f6chte) auch noch Europameisterschaften, Weltmeisterschaften und verschiedene Serienl\u00e4ufe hinzu die alle sehr reizvoll sind. <\/p>\n\n\n\n<p>Trotz meines Alters bin ich selbst noch begeisterter, aktiver Hindernisl\u00e4ufer und hoffe diese Sportart noch viele Jahre aus\u00fcben zu k\u00f6nnen. <\/p>\n\n\n\n<p>Doch neben der eigenen, aktiven &#8222;Sportlerkarriere&#8220; helfe ich Menschen gerne mit meiner Erfahrung als OCR L\u00e4ufer und Trainer weiter. <\/p>\n\n\n\n<p>Seit vielen Jahren leiten meine Frau Sigi und ich die Spartan Workout Tour in M\u00fcnchen und Umgebung und freuen uns jedes Jahr darauf. Die Stimmung dort mit euch zusammen war bisher immer gigantisch und die zwei Stunden sind eine Zeit des Trainierens, aber auch Networkings. Wir genie\u00dfen jede einzelne Minute davon. <\/p>\n\n\n\n<p>Wenn ihr gerne bei der WOT mitmachen m\u00f6chtet, so haben wir euch ein paar <a href=\"http:\/\/rockyourgoal.de\/en\/spartan-workout-tour-muenchen\/\">Infos zur Workout Tour M\u00fcnchen<\/a> zusammengeschrieben. <\/p>\n\n\n\n<p>Wir m\u00f6chten diese Sportart aber auch aktiv unterst\u00fctzen und deshalb engagieren wir uns als Headmarshals. Wir koordinieren also das Marshal-Team (Schiedsrichter-Team) des Spartanrace in Deutschland und \u00d6sterreich und sorgen daf\u00fcr, dass die Regeln eingehalten werden und alle Burpees gemacht werden \ud83d\ude42 Auch hier freuen wir uns wenn ihr uns als Marshals bei dem einen oder anderen Spartanrace unterst\u00fctzen m\u00f6chtet. Auch dazu haben wir euch <a href=\"http:\/\/rockyourgoal.de\/en\/marshals-spartan-race\/\">Infos f\u00fcr Spartanrace Marshals<\/a> zusammengeschrieben. <\/p>\n\n\n\n<p>Nach all dem ehrenamtlichen Engagement erlaubt mir bitte auch etwas Werbung zu machen \ud83d\ude09<\/p>\n\n\n\n<p><strong>WERBUNG f\u00fcr meine OCR und Spartanrace Trainingspl\u00e4ne<\/strong><\/p>\n\n\n\n<p>Als erfahrener OCR Trainer kann ich euch bei der Erreichung eurer sportlichen Ziele helfen und biete Trainingspl\u00e4ne f\u00fcr den kleinen Geldbeutel an. F\u00fcr nur 15,- EUR\/Monat erhaltet ihr von mir einen OCR-Spezifischen (gilt auch f\u00fcr Spartanrace) Trainingsplan mit Griffkraft- Funktionellem- und Lauftraining. <\/p>\n\n\n\n<p><a href=\"http:\/\/rockyourgoal.de\/en\/meine-angebote\/ocr-und-spartanrace\/ocr-trainingsplan\/\">Spartanrace und OCR Trainingsplan<\/a><\/p>\n\n\n\n<p>Die Mindestmitgliedszeit betr\u00e4gt nur drei Monate (drunter lohnt sich f\u00fcr mich der Aufwand bei dem geringen Preis leider nicht, da ich euch erst etwas besser kennen lernen muss, damit ihr einen individualisierten Plan bekommt). <\/p>","protected":false},"excerpt":{"rendered":"<p>OCR bedeutet ausgeschrieben &#8222;Obstacle Course Race&#8222;, auf Deutsch frei mit &#8222;Extrem Hindernislauf&#8220; \u00fcbersetzt. F\u00fcr mich pers\u00f6nlich kann es keine reizvollere Sportart geben. Das Spartanrace ist der weltweit f\u00fchrende Anbieter der ber\u00fchmten Spartanrace Hindernisl\u00e4ufe. Mein erster Hindernislauf war ein Spartanrace und ich liebe diese Art des Hindernislaufens. Bei jedem Rennen herrscht&hellip;<\/p>\n<p> <a class=\"more-link\" href=\"http:\/\/rockyourgoal.de\/en\/meine-angebote\/ocr-und-spartanrace\/\">Read more<\/a><\/p>","protected":false},"author":2,"featured_media":0,"parent":125,"menu_order":2,"comment_status":"closed","ping_status":"closed","template":"","meta":{"pgc_sgb_lightbox_settings":"","_glsr_average":0,"_glsr_ranking":0,"_glsr_reviews":0,"footnotes":""},"class_list":["post-1040","page","type-page","status-publish"],"_links":{"self":[{"href":"http:\/\/rockyourgoal.de\/en\/wp-json\/wp\/v2\/pages\/1040","targetHints":{"allow":["GET"]}}],"collection":[{"href":"http:\/\/rockyourgoal.de\/en\/wp-json\/wp\/v2\/pages"}],"about":[{"href":"http:\/\/rockyourgoal.de\/en\/wp-json\/wp\/v2\/types\/page"}],"author":[{"embeddable":true,"href":"http:\/\/rockyourgoal.de\/en\/wp-json\/wp\/v2\/users\/2"}],"replies":[{"embeddable":true,"href":"http:\/\/rockyourgoal.de\/en\/wp-json\/wp\/v2\/comments?post=1040"}],"version-history":[{"count":7,"href":"http:\/\/rockyourgoal.de\/en\/wp-json\/wp\/v2\/pages\/1040\/revisions"}],"predecessor-version":[{"id":1077,"href":"http:\/\/rockyourgoal.de\/en\/wp-json\/wp\/v2\/pages\/1040\/revisions\/1077"}],"up":[{"embeddable":true,"href":"http:\/\/rockyourgoal.de\/en\/wp-json\/wp\/v2\/pages\/125"}],"wp:attachment":[{"href":"http:\/\/rockyourgoal.de\/en\/wp-json\/wp\/v2\/media?parent=1040"}],"curies":[{"name":"wp","href":"https:\/\/api.w.org\/{rel}","templated":true}]}}